{"id":226,"date":"2025-04-12T14:51:01","date_gmt":"2025-04-12T12:51:01","guid":{"rendered":"https:\/\/atourdebras.com\/?post_type=product&#038;p=226"},"modified":"2025-04-12T15:01:18","modified_gmt":"2025-04-12T13:01:18","slug":"226","status":"publish","type":"product","link":"https:\/\/atourdebras.com\/?product=226","title":{"rendered":"bo\u00eete en noyer \u00e0 fermoir m\u00e9tallique"},"content":{"rendered":"<p>fermoir m\u00e9tallique<br \/>\nexp\u00e9dition offerte<br \/>\ntraitement huile de tung (alimentaire).<\/p>\n","protected":false},"excerpt":{"rendered":"<p> noyer \u00d88cm H9cm<\/p>\n","protected":false},"featured_media":211,"comment_status":"open","ping_status":"closed","template":"","meta":[],"product_brand":[],"product_cat":[20],"product_tag":[],"class_list":{"0":"post-226","1":"product","2":"type-product","3":"status-publish","4":"has-post-thumbnail","6":"product_cat-art-de-la-table","8":"first","9":"instock","10":"shipping-taxable","11":"purchasable","12":"product-type-simple"},"_links":{"self":[{"href":"https:\/\/atourdebras.com\/index.php?rest_route=\/wp\/v2\/product\/226","targetHints":{"allow":["GET"]}}],"collection":[{"href":"https:\/\/atourdebras.com\/index.php?rest_route=\/wp\/v2\/product"}],"about":[{"href":"https:\/\/atourdebras.com\/index.php?rest_route=\/wp\/v2\/types\/product"}],"replies":[{"embeddable":true,"href":"https:\/\/atourdebras.com\/index.php?rest_route=%2Fwp%2Fv2%2Fcomments&post=226"}],"wp:featuredmedia":[{"embeddable":true,"href":"https:\/\/atourdebras.com\/index.php?rest_route=\/wp\/v2\/media\/211"}],"wp:attachment":[{"href":"https:\/\/atourdebras.com\/index.php?rest_route=%2Fwp%2Fv2%2Fmedia&parent=226"}],"wp:term":[{"taxonomy":"product_brand","embeddable":true,"href":"https:\/\/atourdebras.com\/index.php?rest_route=%2Fwp%2Fv2%2Fproduct_brand&post=226"},{"taxonomy":"product_cat","embeddable":true,"href":"https:\/\/atourdebras.com\/index.php?rest_route=%2Fwp%2Fv2%2Fproduct_cat&post=226"},{"taxonomy":"product_tag","embeddable":true,"href":"https:\/\/atourdebras.com\/index.php?rest_route=%2Fwp%2Fv2%2Fproduct_tag&post=226"}],"curies":[{"name":"wp","href":"https:\/\/api.w.org\/{rel}","templated":true}]}}